{"id":1213,"date":"2017-06-23T16:11:29","date_gmt":"2017-06-23T16:11:29","guid":{"rendered":"http:\/\/anubis.sitedesign.ee\/pamyatniki\/"},"modified":"2026-01-04T14:38:52","modified_gmt":"2026-01-04T12:38:52","slug":"pamyatniki","status":"publish","type":"page","link":"https:\/\/anubis.ee\/en\/pamyatniki\/","title":{"rendered":"MONUMENTS"},"content":{"rendered":"<div class=\"wpb-content-wrapper\"><p>[vc_row full_width=&#8221;stretch_row_content_no_spaces&#8221; first_background_type=&#8221;image&#8221; enable_parallax=&#8221;true&#8221; parallax_background=&#8221;509&#8243; parallax_style=&#8221;fixed&#8221; css=&#8221;.vc_custom_1499194487734{padding-top: 100px !important;padding-bottom: 70px !important;}&#8221;][vc_column]<div id=\"mpc_textblock-6969f9c159c915f\" class=\"mpc-textblock mpc-init mpc-animation \" data-animation-in=\"transition.perspectiveUpIn||1000||0||100\"><h1>MONUMENTS<\/h1>\n<\/div>[vc_column_text]<div class=\"breadcrumb\"><span property=\"itemListElement\" typeof=\"ListItem\"><a property=\"item\" typeof=\"WebPage\" title=\"Go to Anubis.\" href=\"https:\/\/anubis.ee\/en\/\" class=\"home\" aria-current=\"page\"><span property=\"name\">Anubis<\/span><\/a><meta property=\"position\" content=\"1\"><\/span><\/div>[\/vc_column_text][\/vc_column][\/vc_row][vc_row full_width=&#8221;stretch_row&#8221; enable_first_overlay=&#8221;true&#8221; first_overlay_opacity=&#8221;100&#8243; first_background_type=&#8221;gradient&#8221; first_background_gradient=&#8221;#333333||#595959||0;100||180||linear&#8221; css=&#8221;.vc_custom_1498245700917{padding-top: 40px !important;padding-bottom: 40px !important;}&#8221;][vc_column css=&#8221;.vc_custom_1497792878090{padding-top: 0px !important;}&#8221;]<div id=\"mpc_textblock-2169f9c159c933f\" class=\"mpc-textblock mpc-init \"><p>Granite, which is used for producing monuments according to order, is resistant to the influence of the environment, durable and susceptible to cutting and stone work. Monuments can be produced using creativity and fantasy of the customer who would like to have the original and unique construction. Desire of the customer is to gain the monument made from an unbroken piece of granite is understandable.<\/p>\n<\/div>[\/vc_column][\/vc_row][vc_row full_width=&#8221;stretch_row&#8221; gap=&#8221;20&#8243; css=&#8221;.vc_custom_1498301300893{background-color: #595959 !important;}&#8221;][vc_column width=&#8221;1\/2&#8243; css=&#8221;.vc_custom_1498302272568{padding-top: 0px !important;}&#8221; el_class=&#8221;service_block_sd&#8221;]<div data-id=\"mpc_image-3269f9c159c9821\" onclick=\"\" class=\"mpc-image mpc-init mpc-effect--grey-scale mpc-effect--reverse mpc-fullwidth  mpc-overlay--slide-up\"  data-align=\"middle-center\"><div class=\"mpc-item mpc-transition\"><img loading=\"lazy\" decoding=\"async\" width=\"500\" height=\"374\" src=\"https:\/\/anubis.ee\/wp-content\/uploads\/2017\/06\/monument.jpg\" class=\"mpc-transition attachment-full\" alt=\"\u041f\u0410\u041c\u042f\u0422\u041d\u0418\u041a\u0418 \u0418\u0417 \u0413\u0420\u0410\u041d\u0418\u0422\u0410 \u041d\u0410 \u0417\u0410\u041a\u0410\u0417\" title=\"monument\" srcset=\"https:\/\/anubis.ee\/wp-content\/uploads\/2017\/06\/monument.jpg 500w, https:\/\/anubis.ee\/wp-content\/uploads\/2017\/06\/monument-300x224.jpg 300w\" sizes=\"auto, (max-width: 500px) 100vw, 500px\" \/><div class=\"mpc-item-overlay mpc-transition\"><div class=\"mpc-overlay--vertical-wrap\"><div class=\"mpc-overlay--vertical\"><a href=\"\/en\/pamyatniki\/monument\/\" title=\"\"  class=\"mpc-icon-anchor\"><i class=\"mpc-item-overlay__icon mpc-type--external mpc-icon--icon fa fa-hand-o-up\"><\/i><\/a><\/div><\/div><\/div><\/div><\/div>[vc_column_text css=&#8221;.vc_custom_1500293757916{margin-top: 0px !important;margin-bottom: 0px !important;}&#8221;]<\/p>\n<div style=\"background: #333333; padding: 20px; color: #ffffff; margin: 0px; text-align: center; text-transform: uppercase; font-weight: bold;\"><a href=\"\/en\/pamyatniki\/monument\/\">Monument<\/a><\/div>\n<p>[\/vc_column_text][\/vc_column][vc_column width=&#8221;1\/2&#8243; css=&#8221;.vc_custom_1498302277036{padding-top: 0px !important;}&#8221; el_class=&#8221;service_block_sd&#8221;]<div data-id=\"mpc_image-2869f9c159c9d3e\" onclick=\"\" class=\"mpc-image mpc-init mpc-effect--grey-scale mpc-effect--reverse mpc-fullwidth  mpc-overlay--slide-up\"  data-align=\"middle-center\"><div class=\"mpc-item mpc-transition\"><img loading=\"lazy\" decoding=\"async\" width=\"500\" height=\"374\" src=\"https:\/\/anubis.ee\/wp-content\/uploads\/2017\/06\/kamen.jpg\" class=\"mpc-transition attachment-full\" alt=\"\u041f\u0410\u041c\u042f\u0422\u041d\u0418\u041a\u0418 \u0418\u0417 \u0413\u0420\u0410\u041d\u0418\u0422\u0410 \u041d\u0410 \u0417\u0410\u041a\u0410\u0417\" title=\"kamen\" srcset=\"https:\/\/anubis.ee\/wp-content\/uploads\/2017\/06\/kamen.jpg 500w, https:\/\/anubis.ee\/wp-content\/uploads\/2017\/06\/kamen-300x224.jpg 300w\" sizes=\"auto, (max-width: 500px) 100vw, 500px\" \/><div class=\"mpc-item-overlay mpc-transition\"><div class=\"mpc-overlay--vertical-wrap\"><div class=\"mpc-overlay--vertical\"><a href=\"\/en\/pamyatniki\/kamen\/\" title=\"\"  class=\"mpc-icon-anchor\"><i class=\"mpc-item-overlay__icon mpc-type--external mpc-icon--icon fa fa-hand-o-up\"><\/i><\/a><\/div><\/div><\/div><\/div><\/div>[vc_column_text css=&#8221;.vc_custom_1500293812555{margin-top: 0px !important;margin-bottom: 0px !important;}&#8221;]<\/p>\n<div style=\"background: #333333; padding: 20px; color: #ffffff; margin: 0px; text-align: center; text-transform: uppercase; font-weight: bold;\"><a href=\"\/en\/pamyatniki\/kamen\/\">Stone<\/a><\/div>\n<p>[\/vc_column_text][\/vc_column][\/vc_row][vc_row full_width=&#8221;stretch_row&#8221; gap=&#8221;20&#8243; css=&#8221;.vc_custom_1498301209054{padding-bottom: 50px !important;background-color: #595959 !important;}&#8221;][vc_column width=&#8221;1\/2&#8243; el_class=&#8221;service_block_sd&#8221;]<div data-id=\"mpc_image-9969f9c159ca386\" onclick=\"\" class=\"mpc-image mpc-init mpc-effect--grey-scale mpc-effect--reverse mpc-fullwidth  mpc-overlay--slide-up\"  data-align=\"middle-center\"><div class=\"mpc-item mpc-transition\"><img loading=\"lazy\" decoding=\"async\" width=\"500\" height=\"374\" src=\"https:\/\/anubis.ee\/wp-content\/uploads\/2017\/06\/memorialnij.jpg\" class=\"mpc-transition attachment-full\" alt=\"\u041f\u0410\u041c\u042f\u0422\u041d\u0418\u041a\u0418 \u0418\u0417 \u0413\u0420\u0410\u041d\u0418\u0422\u0410 \u041d\u0410 \u0417\u0410\u041a\u0410\u0417\" title=\"memorialnij\" srcset=\"https:\/\/anubis.ee\/wp-content\/uploads\/2017\/06\/memorialnij.jpg 500w, https:\/\/anubis.ee\/wp-content\/uploads\/2017\/06\/memorialnij-300x224.jpg 300w\" sizes=\"auto, (max-width: 500px) 100vw, 500px\" \/><div class=\"mpc-item-overlay mpc-transition\"><div class=\"mpc-overlay--vertical-wrap\"><div class=\"mpc-overlay--vertical\"><a href=\"\/en\/pamyatniki\/memorialnyj-kompleks\/\" title=\"\"  class=\"mpc-icon-anchor\"><i class=\"mpc-item-overlay__icon mpc-type--external mpc-icon--icon fa fa-hand-o-up\"><\/i><\/a><\/div><\/div><\/div><\/div><\/div>[vc_column_text css=&#8221;.vc_custom_1500293849129{margin-top: 0px !important;margin-bottom: 0px !important;}&#8221;]<\/p>\n<div style=\"background: #333333; padding: 20px; color: #ffffff; margin: 0px; text-align: center; text-transform: uppercase; font-weight: bold;\"><a href=\"\/en\/pamyatniki\/memorialnyj-kompleks\/\">Memorial complex<\/a><\/div>\n<p>[\/vc_column_text][\/vc_column][vc_column width=&#8221;1\/2&#8243; el_class=&#8221;service_block_sd&#8221;]<div data-id=\"mpc_image-569f9c159ca879\" onclick=\"\" class=\"mpc-image mpc-init mpc-effect--grey-scale mpc-effect--reverse mpc-fullwidth  mpc-overlay--slide-up\"  data-align=\"middle-center\"><div class=\"mpc-item mpc-transition\"><img loading=\"lazy\" decoding=\"async\" width=\"500\" height=\"374\" src=\"https:\/\/anubis.ee\/wp-content\/uploads\/2017\/06\/kolumbarium.jpg\" class=\"mpc-transition attachment-full\" alt=\"\u041f\u0410\u041c\u042f\u0422\u041d\u0418\u041a\u0418 \u0418\u0417 \u0413\u0420\u0410\u041d\u0418\u0422\u0410 \u041d\u0410 \u0417\u0410\u041a\u0410\u0417\" title=\"kolumbarium\" srcset=\"https:\/\/anubis.ee\/wp-content\/uploads\/2017\/06\/kolumbarium.jpg 500w, https:\/\/anubis.ee\/wp-content\/uploads\/2017\/06\/kolumbarium-300x224.jpg 300w\" sizes=\"auto, (max-width: 500px) 100vw, 500px\" \/><div class=\"mpc-item-overlay mpc-transition\"><div class=\"mpc-overlay--vertical-wrap\"><div class=\"mpc-overlay--vertical\"><a href=\"\/en\/pamyatniki\/kolumbarij\/\" title=\"\"  class=\"mpc-icon-anchor\"><i class=\"mpc-item-overlay__icon mpc-type--external mpc-icon--icon fa fa-hand-o-up\"><\/i><\/a><\/div><\/div><\/div><\/div><\/div>[vc_column_text css=&#8221;.vc_custom_1500293903144{margin-top: 0px !important;margin-bottom: 0px !important;}&#8221;]<\/p>\n<div style=\"background: #333333; padding: 20px; color: #ffffff; margin: 0px; text-align: center; text-transform: uppercase; font-weight: bold;\"><a href=\"\/en\/pamyatniki\/kolumbarij\/\">Columbarium<\/a><\/div>\n<p>[\/vc_column_text][\/vc_column][\/vc_row]<\/p>\n<\/div>","protected":false},"excerpt":{"rendered":"<p>[vc_row full_width=&#8221;stretch_row_content_no_spaces&#8221; first_background_type=&#8221;image&#8221; enable_parallax=&#8221;true&#8221; parallax_background=&#8221;509&#8243; parallax_style=&#8221;fixed&#8221; css=&#8221;.vc_custom_1499194487734{padding-top: 100px !important;padding-bottom: 70px !important;}&#8221;][vc_column][vc_column_text][\/vc_column_text][\/vc_column][\/vc_row][vc_row full_width=&#8221;stretch_row&#8221; enable_first_overlay=&#8221;true&#8221; first_overlay_opacity=&#8221;100&#8243; first_background_type=&#8221;gradient&#8221; first_background_gradient=&#8221;#333333||#595959||0;100||180||linear&#8221; css=&#8221;.vc_custom_1498245700917{padding-top: 40px !important;padding-bottom: 40px !important;}&#8221;][vc_column css=&#8221;.vc_custom_1497792878090{padding-top: 0px !important;}&#8221;][\/vc_column][\/vc_row][vc_row full_width=&#8221;stretch_row&#8221; gap=&#8221;20&#8243; css=&#8221;.vc_custom_1498301300893{background-color: #595959 !important;}&#8221;][vc_column width=&#8221;1\/2&#8243; css=&#8221;.vc_custom_1498302272568{padding-top: 0px !important;}&#8221; el_class=&#8221;service_block_sd&#8221;][vc_column_text css=&#8221;.vc_custom_1500293757916{margin-top: 0px !important;margin-bottom: 0px !important;}&#8221;] Monument [\/vc_column_text][\/vc_column][vc_column width=&#8221;1\/2&#8243; css=&#8221;.vc_custom_1498302277036{padding-top: 0px !important;}&#8221; el_class=&#8221;service_block_sd&#8221;][vc_column_text css=&#8221;.vc_custom_1500293812555{margin-top: 0px !important;margin-bottom: 0px !important;}&#8221;] Stone [\/vc_column_text][\/vc_column][\/vc_row][vc_row full_width=&#8221;stretch_row&#8221; gap=&#8221;20&#8243;<\/p>\n","protected":false},"author":2,"featured_media":0,"parent":0,"menu_order":0,"comment_status":"closed","ping_status":"closed","template":"","meta":{"_seopress_robots_primary_cat":"","_seopress_titles_title":"ANUBIS EESTI GRANIITM\u00c4LESTUSM\u00c4RKIDE TOOTMINE JA PAIGALDUS","_seopress_titles_desc":"Kvaliteetsete graniitm\u00e4lestusm\u00e4rkide valmistamine ja paigaldus. Individuaalne l\u00e4henemine, vastupidav materjal, usaldusv\u00e4\u00e4rne tulemus.","_seopress_robots_index":"","footnotes":""},"class_list":["post-1213","page","type-page","status-publish","hentry"],"_links":{"self":[{"href":"https:\/\/anubis.ee\/en\/wp-json\/wp\/v2\/pages\/1213","targetHints":{"allow":["GET"]}}],"collection":[{"href":"https:\/\/anubis.ee\/en\/wp-json\/wp\/v2\/pages"}],"about":[{"href":"https:\/\/anubis.ee\/en\/wp-json\/wp\/v2\/types\/page"}],"author":[{"embeddable":true,"href":"https:\/\/anubis.ee\/en\/wp-json\/wp\/v2\/users\/2"}],"replies":[{"embeddable":true,"href":"https:\/\/anubis.ee\/en\/wp-json\/wp\/v2\/comments?post=1213"}],"version-history":[{"count":4,"href":"https:\/\/anubis.ee\/en\/wp-json\/wp\/v2\/pages\/1213\/revisions"}],"predecessor-version":[{"id":4257,"href":"https:\/\/anubis.ee\/en\/wp-json\/wp\/v2\/pages\/1213\/revisions\/4257"}],"wp:attachment":[{"href":"https:\/\/anubis.ee\/en\/wp-json\/wp\/v2\/media?parent=1213"}],"curies":[{"name":"wp","href":"https:\/\/api.w.org\/{rel}","templated":true}]}}